{"id":69,"date":"2020-04-30T18:18:06","date_gmt":"2020-04-30T22:18:06","guid":{"rendered":"http:\/\/www.memorialsumpul.com\/?page_id=69"},"modified":"2021-06-24T10:13:45","modified_gmt":"2021-06-24T14:13:45","slug":"documental-las-masacres-de-chalatenango","status":"publish","type":"page","link":"https:\/\/www.memorialsumpul.com\/en\/documental-las-masacres-de-chalatenango\/","title":{"rendered":"Documentary: The Chalatenango Massacres"},"content":{"rendered":"<p>by Juan Andr\u00e9s Bello<\/p>\n\n\n\n<p>In August 2017, I traveled to El Salvador for the first time from Canada, along with Amanda Grzyb and Reynaldo Hern\u00e1ndez from <a rel=\"noreferrer noopener\" href=\"https:\/\/www.elsalvadormemory.org\/\" target=\"_blank\">Surviving Memory in Post War El Salvador<\/a>. There we were joined by Pedro Cabezas, from CRIPDES, and the architects Harold Fallon and Evelia Macal, along with their family. The purpose of the trip was to visit some of the sites where the Chalatenango massacres occurred, guided by survivors.<\/p>\n\n\n\n<figure class=\"wp-block-image size-large\"><img loading=\"lazy\" width=\"960\" height=\"640\" src=\"http:\/\/www.memorialsumpul.com\/wp-content\/uploads\/2020\/05\/Juan-Bello-El-Salvador-Making-of-06-960.jpg\" alt=\"\" class=\"wp-image-270\" srcset=\"https:\/\/www.memorialsumpul.com\/wp-content\/uploads\/2020\/05\/Juan-Bello-El-Salvador-Making-of-06-960.jpg 960w, https:\/\/www.memorialsumpul.com\/wp-content\/uploads\/2020\/05\/Juan-Bello-El-Salvador-Making-of-06-960-300x200.jpg 300w, https:\/\/www.memorialsumpul.com\/wp-content\/uploads\/2020\/05\/Juan-Bello-El-Salvador-Making-of-06-960-768x512.jpg 768w\" sizes=\"(max-width: 960px) 100vw, 960px\" \/><figcaption>Juan Andr\u00e9s Bello, producer of the documentary project \"Las Massacres de Chalatenango\".<\/figcaption><\/figure>\n\n\n\n<figure class=\"wp-block-image size-large\"><img loading=\"lazy\" width=\"960\" height=\"720\" src=\"http:\/\/www.memorialsumpul.com\/wp-content\/uploads\/2020\/05\/El-Salvador-August-2017-02-960.jpg\" alt=\"\" class=\"wp-image-265\" srcset=\"https:\/\/www.memorialsumpul.com\/wp-content\/uploads\/2020\/05\/El-Salvador-August-2017-02-960.jpg 960w, https:\/\/www.memorialsumpul.com\/wp-content\/uploads\/2020\/05\/El-Salvador-August-2017-02-960-300x225.jpg 300w, https:\/\/www.memorialsumpul.com\/wp-content\/uploads\/2020\/05\/El-Salvador-August-2017-02-960-768x576.jpg 768w\" sizes=\"(max-width: 960px) 100vw, 960px\" \/><figcaption>On the way to Los Duboncitos massacre site.<\/figcaption><\/figure>\n\n\n\n<figure class=\"wp-block-image size-large\"><img loading=\"lazy\" width=\"960\" height=\"540\" src=\"http:\/\/www.memorialsumpul.com\/wp-content\/uploads\/2020\/05\/El-Salvador-August-2017-07-960.jpg\" alt=\"\" class=\"wp-image-266\" srcset=\"https:\/\/www.memorialsumpul.com\/wp-content\/uploads\/2020\/05\/El-Salvador-August-2017-07-960.jpg 960w, https:\/\/www.memorialsumpul.com\/wp-content\/uploads\/2020\/05\/El-Salvador-August-2017-07-960-300x169.jpg 300w, https:\/\/www.memorialsumpul.com\/wp-content\/uploads\/2020\/05\/El-Salvador-August-2017-07-960-768x432.jpg 768w\" sizes=\"(max-width: 960px) 100vw, 960px\" \/><figcaption>Miriam Dub\u00f3n, recounting how her mother was killed at Los Duboncitos site. <\/figcaption><\/figure>\n\n\n\n<figure class=\"wp-block-image size-large\"><img loading=\"lazy\" width=\"1024\" height=\"768\" src=\"http:\/\/www.memorialsumpul.com\/wp-content\/uploads\/2020\/05\/El-Camino-a-Las-Aradas-01-1160-1024x768.jpg\" alt=\"\" class=\"wp-image-267\" srcset=\"\" sizes=\"(max-width: 1024px) 100vw, 1024px\" data-srcset=\"\" \/><figcaption>On the way to the Las Aradas site where the El Sumpul massacre occurred<\/figcaption><\/figure>\n\n\n\n<p>After that first trip I began to work on the proposal for a project to document the massacres that occurred in Chalatenango at the beginning of the civil war. Since 2018, and thanks to the support of <strong>Canada Council for the Arts<\/strong>, <strong>London Arts Council<\/strong>, and <strong>the Sumpul Association,<\/strong> I have been able to visit the massacres sites, to help record and preserve the testimonies of witnesses and survivors.<\/p>\n\n\n\n<p>The production of the project included conducting research on the history of El Salvador and listening to the stories and ideas of the survivors.<\/p>\n\n\n\n<figure class=\"wp-block-image size-large\"><img loading=\"lazy\" width=\"960\" height=\"720\" src=\"http:\/\/www.memorialsumpul.com\/wp-content\/uploads\/2020\/05\/Juan-Bello-El-Salvador-Making-of-02-960-1.jpg\" alt=\"\" class=\"wp-image-279\" srcset=\"https:\/\/www.memorialsumpul.com\/wp-content\/uploads\/2020\/05\/Juan-Bello-El-Salvador-Making-of-02-960-1.jpg 960w, https:\/\/www.memorialsumpul.com\/wp-content\/uploads\/2020\/05\/Juan-Bello-El-Salvador-Making-of-02-960-1-300x225.jpg 300w, https:\/\/www.memorialsumpul.com\/wp-content\/uploads\/2020\/05\/Juan-Bello-El-Salvador-Making-of-02-960-1-768x576.jpg 768w\" sizes=\"(max-width: 960px) 100vw, 960px\" \/><figcaption>With the Arcatao Surviving Historical Memory Committee, July 2018.<\/figcaption><\/figure>\n\n\n\n<p>The project has <strong>three components<\/strong>:<\/p>\n\n\n\n<p>A series of <strong>short documentaries<\/strong> presenting testimonies of different massacres.<\/p>\n\n\n\n<p>A series of <strong>experimental videos<\/strong> using 360 technology (360-degree video)<\/p>\n\n\n\n<p>A <strong>video installation <\/strong>based on visual and sound landscapes of Chalatenango.<\/p>\n\n\n\n<figure class=\"wp-block-gallery alignwide columns-3 is-cropped\"><ul class=\"blocks-gallery-grid\"><li class=\"blocks-gallery-item\"><figure><img loading=\"lazy\" width=\"960\" height=\"720\" src=\"http:\/\/www.memorialsumpul.com\/wp-content\/uploads\/2020\/05\/Juan-Bello-El-Salvador-Making-of-03-960.jpg\" alt=\"\" data-id=\"291\" data-link=\"http:\/\/www.memorialsumpul.com\/doumental-las-masacres-de-chalatenango\/attachment\/juan-bello-el-salvador-making-of-03-960\/\" class=\"wp-image-291\" srcset=\"https:\/\/www.memorialsumpul.com\/wp-content\/uploads\/2020\/05\/Juan-Bello-El-Salvador-Making-of-03-960.jpg 960w, https:\/\/www.memorialsumpul.com\/wp-content\/uploads\/2020\/05\/Juan-Bello-El-Salvador-Making-of-03-960-300x225.jpg 300w, https:\/\/www.memorialsumpul.com\/wp-content\/uploads\/2020\/05\/Juan-Bello-El-Salvador-Making-of-03-960-768x576.jpg 768w\" sizes=\"(max-width: 960px) 100vw, 960px\" \/><\/figure><\/li><li class=\"blocks-gallery-item\"><figure><img loading=\"lazy\" width=\"960\" height=\"721\" src=\"http:\/\/www.memorialsumpul.com\/wp-content\/uploads\/2020\/05\/Juan-Bello-El-Salvador-Making-of-05-960.jpg\" alt=\"\" data-id=\"292\" data-link=\"http:\/\/www.memorialsumpul.com\/doumental-las-masacres-de-chalatenango\/attachment\/juan-bello-el-salvador-making-of-05-960\/\" class=\"wp-image-292\" srcset=\"https:\/\/www.memorialsumpul.com\/wp-content\/uploads\/2020\/05\/Juan-Bello-El-Salvador-Making-of-05-960.jpg 960w, https:\/\/www.memorialsumpul.com\/wp-content\/uploads\/2020\/05\/Juan-Bello-El-Salvador-Making-of-05-960-300x225.jpg 300w, https:\/\/www.memorialsumpul.com\/wp-content\/uploads\/2020\/05\/Juan-Bello-El-Salvador-Making-of-05-960-768x577.jpg 768w\" sizes=\"(max-width: 960px) 100vw, 960px\" \/><\/figure><\/li><li class=\"blocks-gallery-item\"><figure><img loading=\"lazy\" width=\"960\" height=\"640\" src=\"http:\/\/www.memorialsumpul.com\/wp-content\/uploads\/2020\/05\/Juan-Bello-El-Salvador-Making-of-09-960.jpg\" alt=\"\" data-id=\"297\" data-full-url=\"http:\/\/www.memorialsumpul.com\/wp-content\/uploads\/2020\/05\/Juan-Bello-El-Salvador-Making-of-09-960.jpg\" data-link=\"http:\/\/www.memorialsumpul.com\/doumental-las-masacres-de-chalatenango\/attachment\/juan-bello-el-salvador-making-of-09-960\/\" class=\"wp-image-297\" srcset=\"https:\/\/www.memorialsumpul.com\/wp-content\/uploads\/2020\/05\/Juan-Bello-El-Salvador-Making-of-09-960.jpg 960w, https:\/\/www.memorialsumpul.com\/wp-content\/uploads\/2020\/05\/Juan-Bello-El-Salvador-Making-of-09-960-300x200.jpg 300w, https:\/\/www.memorialsumpul.com\/wp-content\/uploads\/2020\/05\/Juan-Bello-El-Salvador-Making-of-09-960-768x512.jpg 768w\" sizes=\"(max-width: 960px) 100vw, 960px\" \/><\/figure><\/li><\/ul><figcaption class=\"blocks-gallery-caption\">Documentary Project - Making of<\/figcaption><\/figure>\n\n\n\n<p>These are some segments of the material that we have produced:<\/p>\n\n\n\n<figure class=\"wp-block-embed is-type-video is-provider-vimeo wp-block-embed-vimeo wp-embed-aspect-16-9 wp-has-aspect-ratio\"><div class=\"wp-block-embed__wrapper\">\n<iframe loading=\"lazy\" title=\"Nicol&amp;aacute;s Rivera [Debemos trabajar por la paz]\" src=\"https:\/\/player.vimeo.com\/video\/317601566?dnt=1&amp;app_id=122963\" width=\"580\" height=\"326\" frameborder=\"0\" allow=\"autoplay; fullscreen; picture-in-picture\" allowfullscreen><\/iframe>\n<\/div><figcaption>Nicol\u00e1s Rivera<\/figcaption><\/figure>\n\n\n\n<figure class=\"wp-block-embed is-type-video is-provider-vimeo wp-block-embed-vimeo wp-embed-aspect-16-9 wp-has-aspect-ratio\"><div class=\"wp-block-embed__wrapper\">\n<iframe loading=\"lazy\" title=\"Rosaura Rivera Miranda\" src=\"https:\/\/player.vimeo.com\/video\/317601304?dnt=1&amp;app_id=122963\" width=\"580\" height=\"326\" frameborder=\"0\" allow=\"autoplay; fullscreen; picture-in-picture\" allowfullscreen><\/iframe>\n<\/div><figcaption>Rosaura Rivera,  survivor of the El Rinc\u00f3n Massacre.<\/figcaption><\/figure>\n\n\n\n<figure class=\"wp-block-embed is-type-video is-provider-vimeo wp-block-embed-vimeo wp-embed-aspect-16-9 wp-has-aspect-ratio\"><div class=\"wp-block-embed__wrapper\">\n<iframe loading=\"lazy\" title=\"The Chalatenango Massacres\" src=\"https:\/\/player.vimeo.com\/video\/415191815?dnt=1&amp;app_id=122963\" width=\"580\" height=\"326\" frameborder=\"0\" allow=\"autoplay; fullscreen; picture-in-picture\" allowfullscreen><\/iframe>\n<\/div><\/figure>\n\n\n\n<figure class=\"wp-block-embed is-type-video is-provider-vimeo wp-block-embed-vimeo wp-embed-aspect-16-9 wp-has-aspect-ratio\"><div class=\"wp-block-embed__wrapper\">\n<iframe loading=\"lazy\" title=\"Celestino Rivera (Evaristo L\u00f3pez)\" src=\"https:\/\/player.vimeo.com\/video\/328041444?dnt=1&amp;app_id=122963\" width=\"580\" height=\"326\" frameborder=\"0\" allow=\"autoplay; fullscreen; picture-in-picture\" allowfullscreen><\/iframe>\n<\/div><figcaption>Celestino Rivera, also known as Evaristo L\u00f3pez.<\/figcaption><\/figure>\n\n\n\n<figure class=\"wp-block-embed is-type-video is-provider-vimeo wp-block-embed-vimeo wp-embed-aspect-16-9 wp-has-aspect-ratio\"><div class=\"wp-block-embed__wrapper\">\n<iframe loading=\"lazy\" title=\"Uberlinda y Rom&amp;aacute;n\" src=\"https:\/\/player.vimeo.com\/video\/353712316?dnt=1&amp;app_id=122963\" width=\"580\" height=\"326\" frameborder=\"0\" allow=\"autoplay; fullscreen; picture-in-picture\" allowfullscreen><\/iframe>\n<\/div><figcaption>Los Raudas Massacre<\/figcaption><\/figure>\n\n\n\n<figure class=\"wp-block-embed is-type-video is-provider-vimeo wp-block-embed-vimeo wp-embed-aspect-16-9 wp-has-aspect-ratio\"><div class=\"wp-block-embed__wrapper\">\n<iframe loading=\"lazy\" title=\"La Guinda de Mayo\" src=\"https:\/\/player.vimeo.com\/video\/335163926?dnt=1&amp;app_id=122963\" width=\"580\" height=\"326\" frameborder=\"0\" allow=\"autoplay; fullscreen; picture-in-picture\" allowfullscreen><\/iframe>\n<\/div><figcaption>Nicol\u00e1s Rivera on \"las guindas\u201c.<\/figcaption><\/figure>\n\n\n\n<p>I worked together with Michelle Rosales (Director of Photography), Shawn Robertson (2nd camera and drone unit), Laszlo Borondy and Antonio Diego (Sound), Gerardo P\u00e9rez (Assistant and Driver), Mar\u00eda Andre\u00edna Acosta (Transcriptions), Marithza Andagoya (Translations), and Carolina Aular (Editing).<\/p>\n\n\n\n<p>We want to acknowledge the collaboration of Felipe Tobar, Miriam Ayala, Julio Rivera, Miriam Dub\u00f3n, and the other members of the Sumpul Association. Nicol\u00e1s Rivera and the Committee of Surviving Historical Memory of Arcatao. Also Reyes Guardado and his family, the Mayor of San Jos\u00e9 Las Flores, Josu\u00e9 Claudio and Medardo Gonz\u00e1lez. <\/p>\n\n\n\n<figure class=\"wp-block-gallery alignwide columns-2 is-cropped\"><ul class=\"blocks-gallery-grid\"><li class=\"blocks-gallery-item\"><figure><img loading=\"lazy\" width=\"960\" height=\"640\" src=\"http:\/\/www.memorialsumpul.com\/wp-content\/uploads\/2020\/05\/Juan-Bello-El-Salvador-Making-of-08-960-1.jpg\" alt=\"\" data-id=\"428\" data-full-url=\"http:\/\/www.memorialsumpul.com\/wp-content\/uploads\/2020\/05\/Juan-Bello-El-Salvador-Making-of-08-960-1.jpg\" data-link=\"http:\/\/www.memorialsumpul.com\/documental-las-masacres-de-chalatenango\/attachment\/juan-bello-el-salvador-making-of-08-960-1\/\" class=\"wp-image-428\" srcset=\"https:\/\/www.memorialsumpul.com\/wp-content\/uploads\/2020\/05\/Juan-Bello-El-Salvador-Making-of-08-960-1.jpg 960w, https:\/\/www.memorialsumpul.com\/wp-content\/uploads\/2020\/05\/Juan-Bello-El-Salvador-Making-of-08-960-1-300x200.jpg 300w, https:\/\/www.memorialsumpul.com\/wp-content\/uploads\/2020\/05\/Juan-Bello-El-Salvador-Making-of-08-960-1-768x512.jpg 768w\" sizes=\"(max-width: 960px) 100vw, 960px\" \/><\/figure><\/li><li class=\"blocks-gallery-item\"><figure><img loading=\"lazy\" width=\"960\" height=\"720\" src=\"http:\/\/www.memorialsumpul.com\/wp-content\/uploads\/2020\/05\/Juan-Bello-El-Salvador-Making-of-19-960.jpg\" alt=\"\" data-id=\"429\" data-full-url=\"http:\/\/www.memorialsumpul.com\/wp-content\/uploads\/2020\/05\/Juan-Bello-El-Salvador-Making-of-19-960.jpg\" data-link=\"http:\/\/www.memorialsumpul.com\/documental-las-masacres-de-chalatenango\/attachment\/juan-bello-el-salvador-making-of-19-960\/\" class=\"wp-image-429\" srcset=\"https:\/\/www.memorialsumpul.com\/wp-content\/uploads\/2020\/05\/Juan-Bello-El-Salvador-Making-of-19-960.jpg 960w, https:\/\/www.memorialsumpul.com\/wp-content\/uploads\/2020\/05\/Juan-Bello-El-Salvador-Making-of-19-960-300x225.jpg 300w, https:\/\/www.memorialsumpul.com\/wp-content\/uploads\/2020\/05\/Juan-Bello-El-Salvador-Making-of-19-960-768x576.jpg 768w\" sizes=\"(max-width: 960px) 100vw, 960px\" \/><\/figure><\/li><\/ul><figcaption class=\"blocks-gallery-caption\">Production Team in El Salvador.<\/figcaption><\/figure>","protected":false},"excerpt":{"rendered":"<p>Por: Juan Andr\u00e9s Bello En agosto de 2017, viaj\u00e9 por primera vez a El Salvador desde Canad\u00e1, junto a Amanda Grzyb y Reynaldo Hern\u00e1ndez del proyecto Surviving Memory in Postwar El Salvador. All\u00ed se nos unieron Pedro Cabezas, de CRIPDES, y los arquitectos Harold Fallon y Evelia Macal, junto a su familia. El prop\u00f3sito del [&hellip;]<\/p>","protected":false},"author":1,"featured_media":0,"parent":0,"menu_order":0,"comment_status":"closed","ping_status":"closed","template":"","meta":{"_themeisle_gutenberg_block_has_review":false},"yoast_head":"<!-- This site is optimized with the Yoast SEO plugin v17.5 - https:\/\/yoast.com\/wordpress\/plugins\/seo\/ -->\n<title>Documental: Las Masacres de Chalatenango - Memorial Sumpul<\/title>\n<meta name=\"robots\" content=\"index, follow, max-snippet:-1, max-image-preview:large, max-video-preview:-1\" \/>\n<link rel=\"canonical\" href=\"https:\/\/www.memorialsumpul.com\/en\/documental-las-masacres-de-chalatenango\/\" \/>\n<meta property=\"og:locale\" content=\"en_US\" \/>\n<meta property=\"og:type\" content=\"article\" \/>\n<meta property=\"og:title\" content=\"Documental: Las Masacres de Chalatenango - Memorial Sumpul\" \/>\n<meta property=\"og:description\" content=\"Por: Juan Andr\u00e9s Bello En agosto de 2017, viaj\u00e9 por primera vez a El Salvador desde Canad\u00e1, junto a Amanda Grzyb y Reynaldo Hern\u00e1ndez del proyecto Surviving Memory in Postwar El Salvador. All\u00ed se nos unieron Pedro Cabezas, de CRIPDES, y los arquitectos Harold Fallon y Evelia Macal, junto a su familia. El prop\u00f3sito del [&hellip;]\" \/>\n<meta property=\"og:url\" content=\"https:\/\/www.memorialsumpul.com\/en\/documental-las-masacres-de-chalatenango\/\" \/>\n<meta property=\"og:site_name\" content=\"Memorial Sumpul\" \/>\n<meta property=\"article:modified_time\" content=\"2021-06-24T14:13:45+00:00\" \/>\n<meta property=\"og:image\" content=\"http:\/\/www.memorialsumpul.com\/wp-content\/uploads\/2020\/05\/Juan-Bello-El-Salvador-Making-of-06-960.jpg\" \/>\n<meta name=\"twitter:card\" content=\"summary_large_image\" \/>\n<meta name=\"twitter:label1\" content=\"Est. reading time\" \/>\n\t<meta name=\"twitter:data1\" content=\"4 minutes\" \/>\n<script type=\"application\/ld+json\" class=\"yoast-schema-graph\">{\"@context\":\"https:\/\/schema.org\",\"@graph\":[{\"@type\":\"WebSite\",\"@id\":\"http:\/\/www.memorialsumpul.com\/en\/#website\",\"url\":\"http:\/\/www.memorialsumpul.com\/en\/\",\"name\":\"Memorial Sumpul\",\"description\":\"41 aniversario de la Masacre del R&iacute;o Sumpul\",\"potentialAction\":[{\"@type\":\"SearchAction\",\"target\":{\"@type\":\"EntryPoint\",\"urlTemplate\":\"http:\/\/www.memorialsumpul.com\/en\/?s={search_term_string}\"},\"query-input\":\"required name=search_term_string\"}],\"inLanguage\":\"en-CA\"},{\"@type\":\"ImageObject\",\"@id\":\"https:\/\/www.memorialsumpul.com\/en\/documental-las-masacres-de-chalatenango\/#primaryimage\",\"inLanguage\":\"en-CA\",\"url\":\"http:\/\/www.memorialsumpul.com\/wp-content\/uploads\/2020\/05\/Juan-Bello-El-Salvador-Making-of-06-960.jpg\",\"contentUrl\":\"http:\/\/www.memorialsumpul.com\/wp-content\/uploads\/2020\/05\/Juan-Bello-El-Salvador-Making-of-06-960.jpg\"},{\"@type\":\"WebPage\",\"@id\":\"https:\/\/www.memorialsumpul.com\/en\/documental-las-masacres-de-chalatenango\/#webpage\",\"url\":\"https:\/\/www.memorialsumpul.com\/en\/documental-las-masacres-de-chalatenango\/\",\"name\":\"Documental: Las Masacres de Chalatenango - Memorial Sumpul\",\"isPartOf\":{\"@id\":\"http:\/\/www.memorialsumpul.com\/en\/#website\"},\"primaryImageOfPage\":{\"@id\":\"https:\/\/www.memorialsumpul.com\/en\/documental-las-masacres-de-chalatenango\/#primaryimage\"},\"datePublished\":\"2020-04-30T22:18:06+00:00\",\"dateModified\":\"2021-06-24T14:13:45+00:00\",\"breadcrumb\":{\"@id\":\"https:\/\/www.memorialsumpul.com\/en\/documental-las-masacres-de-chalatenango\/#breadcrumb\"},\"inLanguage\":\"en-CA\",\"potentialAction\":[{\"@type\":\"ReadAction\",\"target\":[\"https:\/\/www.memorialsumpul.com\/en\/documental-las-masacres-de-chalatenango\/\"]}]},{\"@type\":\"BreadcrumbList\",\"@id\":\"https:\/\/www.memorialsumpul.com\/en\/documental-las-masacres-de-chalatenango\/#breadcrumb\",\"itemListElement\":[{\"@type\":\"ListItem\",\"position\":1,\"name\":\"Home\",\"item\":\"http:\/\/www.memorialsumpul.com\/en\/\"},{\"@type\":\"ListItem\",\"position\":2,\"name\":\"Documental: Las Masacres de Chalatenango\"}]}]}<\/script>\n<!-- \/ Yoast SEO plugin. -->","yoast_head_json":{"title":"Documental: Las Masacres de Chalatenango - Memorial Sumpul","robots":{"index":"index","follow":"follow","max-snippet":"max-snippet:-1","max-image-preview":"max-image-preview:large","max-video-preview":"max-video-preview:-1"},"canonical":"https:\/\/www.memorialsumpul.com\/en\/documental-las-masacres-de-chalatenango\/","og_locale":"en_US","og_type":"article","og_title":"Documental: Las Masacres de Chalatenango - Memorial Sumpul","og_description":"Por: Juan Andr\u00e9s Bello En agosto de 2017, viaj\u00e9 por primera vez a El Salvador desde Canad\u00e1, junto a Amanda Grzyb y Reynaldo Hern\u00e1ndez del proyecto Surviving Memory in Postwar El Salvador. All\u00ed se nos unieron Pedro Cabezas, de CRIPDES, y los arquitectos Harold Fallon y Evelia Macal, junto a su familia. El prop\u00f3sito del [&hellip;]","og_url":"https:\/\/www.memorialsumpul.com\/en\/documental-las-masacres-de-chalatenango\/","og_site_name":"Memorial Sumpul","article_modified_time":"2021-06-24T14:13:45+00:00","og_image":[{"url":"http:\/\/www.memorialsumpul.com\/wp-content\/uploads\/2020\/05\/Juan-Bello-El-Salvador-Making-of-06-960.jpg"}],"twitter_card":"summary_large_image","twitter_misc":{"Est. reading time":"4 minutes"},"schema":{"@context":"https:\/\/schema.org","@graph":[{"@type":"WebSite","@id":"http:\/\/www.memorialsumpul.com\/en\/#website","url":"http:\/\/www.memorialsumpul.com\/en\/","name":"Memorial Sumpul","description":"41 aniversario de la Masacre del R&iacute;o Sumpul","potentialAction":[{"@type":"SearchAction","target":{"@type":"EntryPoint","urlTemplate":"http:\/\/www.memorialsumpul.com\/en\/?s={search_term_string}"},"query-input":"required name=search_term_string"}],"inLanguage":"en-CA"},{"@type":"ImageObject","@id":"https:\/\/www.memorialsumpul.com\/en\/documental-las-masacres-de-chalatenango\/#primaryimage","inLanguage":"en-CA","url":"http:\/\/www.memorialsumpul.com\/wp-content\/uploads\/2020\/05\/Juan-Bello-El-Salvador-Making-of-06-960.jpg","contentUrl":"http:\/\/www.memorialsumpul.com\/wp-content\/uploads\/2020\/05\/Juan-Bello-El-Salvador-Making-of-06-960.jpg"},{"@type":"WebPage","@id":"https:\/\/www.memorialsumpul.com\/en\/documental-las-masacres-de-chalatenango\/#webpage","url":"https:\/\/www.memorialsumpul.com\/en\/documental-las-masacres-de-chalatenango\/","name":"Documental: Las Masacres de Chalatenango - Memorial Sumpul","isPartOf":{"@id":"http:\/\/www.memorialsumpul.com\/en\/#website"},"primaryImageOfPage":{"@id":"https:\/\/www.memorialsumpul.com\/en\/documental-las-masacres-de-chalatenango\/#primaryimage"},"datePublished":"2020-04-30T22:18:06+00:00","dateModified":"2021-06-24T14:13:45+00:00","breadcrumb":{"@id":"https:\/\/www.memorialsumpul.com\/en\/documental-las-masacres-de-chalatenango\/#breadcrumb"},"inLanguage":"en-CA","potentialAction":[{"@type":"ReadAction","target":["https:\/\/www.memorialsumpul.com\/en\/documental-las-masacres-de-chalatenango\/"]}]},{"@type":"BreadcrumbList","@id":"https:\/\/www.memorialsumpul.com\/en\/documental-las-masacres-de-chalatenango\/#breadcrumb","itemListElement":[{"@type":"ListItem","position":1,"name":"Home","item":"http:\/\/www.memorialsumpul.com\/en\/"},{"@type":"ListItem","position":2,"name":"Documental: Las Masacres de Chalatenango"}]}]}},"_links":{"self":[{"href":"https:\/\/www.memorialsumpul.com\/en\/wp-json\/wp\/v2\/pages\/69"}],"collection":[{"href":"https:\/\/www.memorialsumpul.com\/en\/wp-json\/wp\/v2\/pages"}],"about":[{"href":"https:\/\/www.memorialsumpul.com\/en\/wp-json\/wp\/v2\/types\/page"}],"author":[{"embeddable":true,"href":"https:\/\/www.memorialsumpul.com\/en\/wp-json\/wp\/v2\/users\/1"}],"replies":[{"embeddable":true,"href":"https:\/\/www.memorialsumpul.com\/en\/wp-json\/wp\/v2\/comments?post=69"}],"version-history":[{"count":52,"href":"https:\/\/www.memorialsumpul.com\/en\/wp-json\/wp\/v2\/pages\/69\/revisions"}],"predecessor-version":[{"id":500,"href":"https:\/\/www.memorialsumpul.com\/en\/wp-json\/wp\/v2\/pages\/69\/revisions\/500"}],"wp:attachment":[{"href":"https:\/\/www.memorialsumpul.com\/en\/wp-json\/wp\/v2\/media?parent=69"}],"curies":[{"name":"wp","href":"https:\/\/api.w.org\/{rel}","templated":true}]}}