{"id":60,"date":"2020-04-30T18:18:06","date_gmt":"2020-04-30T22:18:06","guid":{"rendered":"http:\/\/www.memorialsumpul.com\/?page_id=60"},"modified":"2020-05-05T06:31:49","modified_gmt":"2020-05-05T10:31:49","slug":"la-conmemoracion","status":"publish","type":"page","link":"https:\/\/www.memorialsumpul.com\/en\/la-conmemoracion\/","title":{"rendered":"The Commemoration"},"content":{"rendered":"<p class=\"has-normal-font-size\">After the signing of the peace agreements, the survivors began to meet to remember what happened. Every year, on May 14, the communities of Chalatenango, accompanied by people and delegations from other parts of El Salvador, as well as international visitors, set out on the way back to Las Aradas.<\/p>\n\n\n\n<p class=\"has-normal-font-size\">Part of the commemoration is to make the journey on foot, to remember the difficulties experienced by those who were fleeing in time of war.<\/p>\n\n\n\n<figure class=\"wp-block-image alignwide size-full\"><img loading=\"lazy\" width=\"2000\" height=\"746\" src=\"http:\/\/www.memorialsumpul.com\/wp-content\/uploads\/2020\/04\/El-Camino-a-Las-Aradas-07-2000.jpg\" alt=\"\" class=\"wp-image-120\" srcset=\"https:\/\/www.memorialsumpul.com\/wp-content\/uploads\/2020\/04\/El-Camino-a-Las-Aradas-07-2000.jpg 2000w, https:\/\/www.memorialsumpul.com\/wp-content\/uploads\/2020\/04\/El-Camino-a-Las-Aradas-07-2000-300x112.jpg 300w, https:\/\/www.memorialsumpul.com\/wp-content\/uploads\/2020\/04\/El-Camino-a-Las-Aradas-07-2000-1024x382.jpg 1024w, https:\/\/www.memorialsumpul.com\/wp-content\/uploads\/2020\/04\/El-Camino-a-Las-Aradas-07-2000-768x286.jpg 768w, https:\/\/www.memorialsumpul.com\/wp-content\/uploads\/2020\/04\/El-Camino-a-Las-Aradas-07-2000-1536x573.jpg 1536w, https:\/\/www.memorialsumpul.com\/wp-content\/uploads\/2020\/04\/El-Camino-a-Las-Aradas-07-2000-1200x448.jpg 1200w, https:\/\/www.memorialsumpul.com\/wp-content\/uploads\/2020\/04\/El-Camino-a-Las-Aradas-07-2000-1980x739.jpg 1980w\" sizes=\"(max-width: 2000px) 100vw, 2000px\" \/><figcaption>One of the paths to Las Aradas, Chalatenango, El Salvador<\/figcaption><\/figure>\n\n\n\n<p>Many groups set out from the previous day, May 13, to camp on the site. Others leave very early, in the morning of the 14th. The commemoration takes place that day, starting around 10 am, including music, a theatrical representation (reenactment of the events), testimonies, information regarding the progress of the judicial process and the memorialization of the place, and finally a mass.<\/p>\n\n\n\n<figure class=\"wp-block-image size-large\"><img loading=\"lazy\" width=\"683\" height=\"1024\" src=\"http:\/\/www.memorialsumpul.com\/wp-content\/uploads\/2020\/04\/Masacre-Sumpul-Conmemoracio\u0301n-05-1160-683x1024.jpg\" alt=\"\" class=\"wp-image-91\" srcset=\"\" sizes=\"(max-width: 683px) 100vw, 683px\" data-srcset=\"\" \/><figcaption>Every year, the communities of Honduras participate in the commemoration of Las Aradas massacre. At the time, the Honduran government was complicit in the operation, but many Honduran families helped Salvadorans who were seeking refuge.<\/figcaption><\/figure>\n\n\n\n<p>In the last two years I have accompanied the community on this pilgrimage, which crosses the striking landscape of the Chalatenango fields and mountains. <\/p>\n\n\n\n<p>One of the departure points is the community of San Jos\u00e9 Las Flores. From there the journey is made in a four-wheel drive vehicle (half an hour) to the entrance of the road, and from there walking about three hours (depending on speed, weather and number of stops). The way can also be done by other routes, organized groups leave from Arcatao, Las Vueltas and other towns.<\/p>\n\n\n\n<figure class=\"wp-block-gallery alignwide columns-3 is-cropped\"><ul class=\"blocks-gallery-grid\"><li class=\"blocks-gallery-item\"><figure><img loading=\"lazy\" width=\"1024\" height=\"682\" src=\"http:\/\/www.memorialsumpul.com\/wp-content\/uploads\/2020\/04\/El-Camino-a-Las-Aradas-04-1160-1-1024x682.jpg\" alt=\"\" data-id=\"115\" data-link=\"http:\/\/www.memorialsumpul.com\/?attachment_id=115\" class=\"wp-image-115\" srcset=\"\" sizes=\"(max-width: 1024px) 100vw, 1024px\" data-srcset=\"\" \/><\/figure><\/li><li class=\"blocks-gallery-item\"><figure><img loading=\"lazy\" width=\"1024\" height=\"768\" src=\"http:\/\/www.memorialsumpul.com\/wp-content\/uploads\/2020\/04\/El-Camino-a-Las-Aradas-09-1160-1024x768.jpg\" alt=\"\" data-id=\"140\" data-link=\"http:\/\/www.memorialsumpul.com\/?attachment_id=140\" class=\"wp-image-140\" srcset=\"\" sizes=\"(max-width: 1024px) 100vw, 1024px\" data-srcset=\"\" \/><\/figure><\/li><li class=\"blocks-gallery-item\"><figure><img loading=\"lazy\" width=\"1024\" height=\"682\" src=\"http:\/\/www.memorialsumpul.com\/wp-content\/uploads\/2020\/04\/El-Camino-a-Las-Aradas-05-1160-1-1024x682.jpg\" alt=\"\" data-id=\"141\" data-full-url=\"http:\/\/www.memorialsumpul.com\/wp-content\/uploads\/2020\/04\/El-Camino-a-Las-Aradas-05-1160-1.jpg\" data-link=\"http:\/\/www.memorialsumpul.com\/?attachment_id=141\" class=\"wp-image-141\" srcset=\"\" sizes=\"(max-width: 1024px) 100vw, 1024px\" data-srcset=\"\" \/><\/figure><\/li><\/ul><\/figure>\n\n\n\n<p>To learn more about the road to Las Aradas:<\/p>\n\n\n\n<figure class=\"wp-block-embed-vimeo wp-block-embed is-type-video is-provider-vimeo wp-embed-aspect-16-9 wp-has-aspect-ratio\"><div class=\"wp-block-embed__wrapper\">\n<iframe loading=\"lazy\" title=\"Hacer el camino - English version\" src=\"https:\/\/player.vimeo.com\/video\/353711937?dnt=1&amp;app_id=122963\" width=\"580\" height=\"326\" frameborder=\"0\" allow=\"autoplay; fullscreen; picture-in-picture\" allowfullscreen><\/iframe>\n<\/div><figcaption>Evelia Macal, Salvadoran architect and member of the team that is designing the memorial park at Las Aradas.<\/figcaption><\/figure>\n\n\n\n<figure class=\"wp-block-embed-vimeo wp-block-embed is-type-video is-provider-vimeo wp-embed-aspect-16-9 wp-has-aspect-ratio\"><div class=\"wp-block-embed__wrapper\">\n<iframe loading=\"lazy\" title=\"Camino a Las Aradas, Mayo 2019, con Miriam Ayala\" src=\"https:\/\/player.vimeo.com\/video\/413669018?dnt=1&amp;app_id=122963\" width=\"580\" height=\"326\" frameborder=\"0\" allow=\"autoplay; fullscreen; picture-in-picture\" allowfullscreen><\/iframe>\n<\/div><figcaption>Miriam Ayala, survivor of the massacre, with a group of young people on the way to Las Aradas (May 13, 2019)<\/figcaption><\/figure>\n\n\n\n<p>Once in Las Aradas, people prepare to spend the night, some in tents, others outdoors. At night there are different activities, including testimonies of survivors, music and screenings.<\/p>\n\n\n\n<p>The next day, very early, most of the participants begin to arrive. The central acts include a theatrical representation of the events, testimonies, and a Eucharistic celebration.<\/p>\n\n\n\n<figure class=\"wp-block-gallery alignwide columns-3 is-cropped\"><ul class=\"blocks-gallery-grid\"><li class=\"blocks-gallery-item\"><figure><img loading=\"lazy\" width=\"1024\" height=\"682\" src=\"http:\/\/www.memorialsumpul.com\/wp-content\/uploads\/2020\/04\/Masacre-Sumpul-Conmemoracio\u0301n-02-1160-1024x682.jpg\" alt=\"\" data-id=\"110\" data-full-url=\"http:\/\/www.memorialsumpul.com\/wp-content\/uploads\/2020\/04\/Masacre-Sumpul-Conmemoracio\u0301n-02-1160.jpg\" data-link=\"http:\/\/www.memorialsumpul.com\/?attachment_id=110\" class=\"wp-image-110\" srcset=\"\" sizes=\"(max-width: 1024px) 100vw, 1024px\" data-srcset=\"\" \/><\/figure><\/li><li class=\"blocks-gallery-item\"><figure><img loading=\"lazy\" width=\"1024\" height=\"768\" src=\"http:\/\/www.memorialsumpul.com\/wp-content\/uploads\/2020\/04\/Masacre-Sumpul-Conmemoracio\u0301n-01-1160-1024x768.jpg\" alt=\"\" data-id=\"111\" data-full-url=\"http:\/\/www.memorialsumpul.com\/wp-content\/uploads\/2020\/04\/Masacre-Sumpul-Conmemoracio\u0301n-01-1160.jpg\" data-link=\"http:\/\/www.memorialsumpul.com\/?attachment_id=111\" class=\"wp-image-111\" srcset=\"\" sizes=\"(max-width: 1024px) 100vw, 1024px\" data-srcset=\"\" \/><\/figure><\/li><li class=\"blocks-gallery-item\"><figure><img loading=\"lazy\" width=\"1024\" height=\"682\" src=\"http:\/\/www.memorialsumpul.com\/wp-content\/uploads\/2020\/04\/Masacre-Sumpul-Conmemoracio\u0301n-03-1160-1-1024x682.jpg\" alt=\"\" data-id=\"112\" data-full-url=\"http:\/\/www.memorialsumpul.com\/wp-content\/uploads\/2020\/04\/Masacre-Sumpul-Conmemoracio\u0301n-03-1160-1.jpg\" data-link=\"http:\/\/www.memorialsumpul.com\/?attachment_id=112\" class=\"wp-image-112\" srcset=\"\" sizes=\"(max-width: 1024px) 100vw, 1024px\" data-srcset=\"\" \/><\/figure><\/li><\/ul><\/figure>\n\n\n\n<p>At the end of the events, the participants return to their communities, but not before renewing their commitment to work in solidarity, seeking justice and peace, and also to return the following year.<\/p>","protected":false},"excerpt":{"rendered":"<p>Tras la firma de los acuerdos de paz, los sobrevivientes comenzaron a reunirse para recordar lo ocurrido. Cada a\u00f1o, para el 14 de mayo, las comunidades de Chalatenango, acompa\u00f1ados por personas y delegaciones de otros lugares de El Salvador, as\u00ed como tambi\u00e9n visitantes internacionales, emprenden el camino de vuelta a Las Aradas. Parte de la [&hellip;]<\/p>","protected":false},"author":1,"featured_media":0,"parent":0,"menu_order":0,"comment_status":"closed","ping_status":"closed","template":"","meta":{"_themeisle_gutenberg_block_has_review":false},"yoast_head":"<!-- This site is optimized with the Yoast SEO plugin v17.5 - https:\/\/yoast.com\/wordpress\/plugins\/seo\/ -->\n<title>La Conmemoraci\u00f3n - Memorial Sumpul<\/title>\n<meta name=\"robots\" content=\"index, follow, max-snippet:-1, max-image-preview:large, max-video-preview:-1\" \/>\n<link rel=\"canonical\" href=\"https:\/\/www.memorialsumpul.com\/en\/la-conmemoracion\/\" \/>\n<meta property=\"og:locale\" content=\"en_US\" \/>\n<meta property=\"og:type\" content=\"article\" \/>\n<meta property=\"og:title\" content=\"La Conmemoraci\u00f3n - Memorial Sumpul\" \/>\n<meta property=\"og:description\" content=\"Tras la firma de los acuerdos de paz, los sobrevivientes comenzaron a reunirse para recordar lo ocurrido. Cada a\u00f1o, para el 14 de mayo, las comunidades de Chalatenango, acompa\u00f1ados por personas y delegaciones de otros lugares de El Salvador, as\u00ed como tambi\u00e9n visitantes internacionales, emprenden el camino de vuelta a Las Aradas. Parte de la [&hellip;]\" \/>\n<meta property=\"og:url\" content=\"https:\/\/www.memorialsumpul.com\/en\/la-conmemoracion\/\" \/>\n<meta property=\"og:site_name\" content=\"Memorial Sumpul\" \/>\n<meta property=\"article:modified_time\" content=\"2020-05-05T10:31:49+00:00\" \/>\n<meta property=\"og:image\" content=\"http:\/\/www.memorialsumpul.com\/wp-content\/uploads\/2020\/04\/El-Camino-a-Las-Aradas-07-2000.jpg\" \/>\n<meta name=\"twitter:card\" content=\"summary_large_image\" \/>\n<meta name=\"twitter:label1\" content=\"Est. reading time\" \/>\n\t<meta name=\"twitter:data1\" content=\"2 minutes\" \/>\n<script type=\"application\/ld+json\" class=\"yoast-schema-graph\">{\"@context\":\"https:\/\/schema.org\",\"@graph\":[{\"@type\":\"WebSite\",\"@id\":\"http:\/\/www.memorialsumpul.com\/en\/#website\",\"url\":\"http:\/\/www.memorialsumpul.com\/en\/\",\"name\":\"Memorial Sumpul\",\"description\":\"41 aniversario de la Masacre del R&iacute;o Sumpul\",\"potentialAction\":[{\"@type\":\"SearchAction\",\"target\":{\"@type\":\"EntryPoint\",\"urlTemplate\":\"http:\/\/www.memorialsumpul.com\/en\/?s={search_term_string}\"},\"query-input\":\"required name=search_term_string\"}],\"inLanguage\":\"en-CA\"},{\"@type\":\"ImageObject\",\"@id\":\"https:\/\/www.memorialsumpul.com\/en\/la-conmemoracion\/#primaryimage\",\"inLanguage\":\"en-CA\",\"url\":\"http:\/\/www.memorialsumpul.com\/wp-content\/uploads\/2020\/04\/El-Camino-a-Las-Aradas-07-2000.jpg\",\"contentUrl\":\"http:\/\/www.memorialsumpul.com\/wp-content\/uploads\/2020\/04\/El-Camino-a-Las-Aradas-07-2000.jpg\"},{\"@type\":\"WebPage\",\"@id\":\"https:\/\/www.memorialsumpul.com\/en\/la-conmemoracion\/#webpage\",\"url\":\"https:\/\/www.memorialsumpul.com\/en\/la-conmemoracion\/\",\"name\":\"La Conmemoraci\\u00f3n - Memorial Sumpul\",\"isPartOf\":{\"@id\":\"http:\/\/www.memorialsumpul.com\/en\/#website\"},\"primaryImageOfPage\":{\"@id\":\"https:\/\/www.memorialsumpul.com\/en\/la-conmemoracion\/#primaryimage\"},\"datePublished\":\"2020-04-30T22:18:06+00:00\",\"dateModified\":\"2020-05-05T10:31:49+00:00\",\"breadcrumb\":{\"@id\":\"https:\/\/www.memorialsumpul.com\/en\/la-conmemoracion\/#breadcrumb\"},\"inLanguage\":\"en-CA\",\"potentialAction\":[{\"@type\":\"ReadAction\",\"target\":[\"https:\/\/www.memorialsumpul.com\/en\/la-conmemoracion\/\"]}]},{\"@type\":\"BreadcrumbList\",\"@id\":\"https:\/\/www.memorialsumpul.com\/en\/la-conmemoracion\/#breadcrumb\",\"itemListElement\":[{\"@type\":\"ListItem\",\"position\":1,\"name\":\"Home\",\"item\":\"http:\/\/www.memorialsumpul.com\/en\/\"},{\"@type\":\"ListItem\",\"position\":2,\"name\":\"La Conmemoraci\\u00f3n\"}]}]}<\/script>\n<!-- \/ Yoast SEO plugin. -->","yoast_head_json":{"title":"La Conmemoraci\u00f3n - Memorial Sumpul","robots":{"index":"index","follow":"follow","max-snippet":"max-snippet:-1","max-image-preview":"max-image-preview:large","max-video-preview":"max-video-preview:-1"},"canonical":"https:\/\/www.memorialsumpul.com\/en\/la-conmemoracion\/","og_locale":"en_US","og_type":"article","og_title":"La Conmemoraci\u00f3n - Memorial Sumpul","og_description":"Tras la firma de los acuerdos de paz, los sobrevivientes comenzaron a reunirse para recordar lo ocurrido. Cada a\u00f1o, para el 14 de mayo, las comunidades de Chalatenango, acompa\u00f1ados por personas y delegaciones de otros lugares de El Salvador, as\u00ed como tambi\u00e9n visitantes internacionales, emprenden el camino de vuelta a Las Aradas. Parte de la [&hellip;]","og_url":"https:\/\/www.memorialsumpul.com\/en\/la-conmemoracion\/","og_site_name":"Memorial Sumpul","article_modified_time":"2020-05-05T10:31:49+00:00","og_image":[{"url":"http:\/\/www.memorialsumpul.com\/wp-content\/uploads\/2020\/04\/El-Camino-a-Las-Aradas-07-2000.jpg"}],"twitter_card":"summary_large_image","twitter_misc":{"Est. reading time":"2 minutes"},"schema":{"@context":"https:\/\/schema.org","@graph":[{"@type":"WebSite","@id":"http:\/\/www.memorialsumpul.com\/en\/#website","url":"http:\/\/www.memorialsumpul.com\/en\/","name":"Memorial Sumpul","description":"41 aniversario de la Masacre del R&iacute;o Sumpul","potentialAction":[{"@type":"SearchAction","target":{"@type":"EntryPoint","urlTemplate":"http:\/\/www.memorialsumpul.com\/en\/?s={search_term_string}"},"query-input":"required name=search_term_string"}],"inLanguage":"en-CA"},{"@type":"ImageObject","@id":"https:\/\/www.memorialsumpul.com\/en\/la-conmemoracion\/#primaryimage","inLanguage":"en-CA","url":"http:\/\/www.memorialsumpul.com\/wp-content\/uploads\/2020\/04\/El-Camino-a-Las-Aradas-07-2000.jpg","contentUrl":"http:\/\/www.memorialsumpul.com\/wp-content\/uploads\/2020\/04\/El-Camino-a-Las-Aradas-07-2000.jpg"},{"@type":"WebPage","@id":"https:\/\/www.memorialsumpul.com\/en\/la-conmemoracion\/#webpage","url":"https:\/\/www.memorialsumpul.com\/en\/la-conmemoracion\/","name":"La Conmemoraci\u00f3n - Memorial Sumpul","isPartOf":{"@id":"http:\/\/www.memorialsumpul.com\/en\/#website"},"primaryImageOfPage":{"@id":"https:\/\/www.memorialsumpul.com\/en\/la-conmemoracion\/#primaryimage"},"datePublished":"2020-04-30T22:18:06+00:00","dateModified":"2020-05-05T10:31:49+00:00","breadcrumb":{"@id":"https:\/\/www.memorialsumpul.com\/en\/la-conmemoracion\/#breadcrumb"},"inLanguage":"en-CA","potentialAction":[{"@type":"ReadAction","target":["https:\/\/www.memorialsumpul.com\/en\/la-conmemoracion\/"]}]},{"@type":"BreadcrumbList","@id":"https:\/\/www.memorialsumpul.com\/en\/la-conmemoracion\/#breadcrumb","itemListElement":[{"@type":"ListItem","position":1,"name":"Home","item":"http:\/\/www.memorialsumpul.com\/en\/"},{"@type":"ListItem","position":2,"name":"La Conmemoraci\u00f3n"}]}]}},"_links":{"self":[{"href":"https:\/\/www.memorialsumpul.com\/en\/wp-json\/wp\/v2\/pages\/60"}],"collection":[{"href":"https:\/\/www.memorialsumpul.com\/en\/wp-json\/wp\/v2\/pages"}],"about":[{"href":"https:\/\/www.memorialsumpul.com\/en\/wp-json\/wp\/v2\/types\/page"}],"author":[{"embeddable":true,"href":"https:\/\/www.memorialsumpul.com\/en\/wp-json\/wp\/v2\/users\/1"}],"replies":[{"embeddable":true,"href":"https:\/\/www.memorialsumpul.com\/en\/wp-json\/wp\/v2\/comments?post=60"}],"version-history":[{"count":40,"href":"https:\/\/www.memorialsumpul.com\/en\/wp-json\/wp\/v2\/pages\/60\/revisions"}],"predecessor-version":[{"id":498,"href":"https:\/\/www.memorialsumpul.com\/en\/wp-json\/wp\/v2\/pages\/60\/revisions\/498"}],"wp:attachment":[{"href":"https:\/\/www.memorialsumpul.com\/en\/wp-json\/wp\/v2\/media?parent=60"}],"curies":[{"name":"wp","href":"https:\/\/api.w.org\/{rel}","templated":true}]}}